{"id":422,"date":"2025-01-26T07:29:24","date_gmt":"2025-01-26T07:29:24","guid":{"rendered":"https:\/\/tyrepressuresolutions.nl\/?page_id=422"},"modified":"2025-01-30T20:59:03","modified_gmt":"2025-01-30T20:59:03","slug":"home_new","status":"publish","type":"page","link":"https:\/\/tyrepressuresolutions.nl\/","title":{"rendered":"Home_new"},"content":{"rendered":"\t\t<div data-elementor-type=\"wp-page\" data-elementor-id=\"422\" class=\"elementor elementor-422\" data-elementor-post-type=\"page\">\n\t\t\t\t\t\t<section class=\"elementor-section elementor-top-section elementor-element elementor-element-25bfc006 elementor-section-boxed elementor-section-height-default elementor-section-height-default\" data-id=\"25bfc006\" data-element_type=\"section\" data-e-type=\"section\">\n\t\t\t\t\t\t<div class=\"elementor-container elementor-column-gap-default\">\n\t\t\t\t\t<div class=\"elementor-column elementor-col-100 elementor-top-column elementor-element elementor-element-49c1b5fd\" data-id=\"49c1b5fd\" data-element_type=\"column\" data-e-type=\"column\">\n\t\t\t<div class=\"elementor-widget-wrap elementor-element-populated\">\n\t\t\t\t\t\t<div class=\"elementor-element elementor-element-5e98ae97 elementor-widget elementor-widget-heading\" data-id=\"5e98ae97\" data-element_type=\"widget\" data-e-type=\"widget\" data-widget_type=\"heading.default\">\n\t\t\t\t<div class=\"elementor-widget-container\">\n\t\t\t\t\t<h2 class=\"elementor-heading-title elementor-size-default\">Welkom bij Tyre Pressure Solutions BV - D\u00e9 specialist in automatische bandenspanningssystemen voor opleggers. Met onze geavanceerde technologie\u00ebn zorgen wij voor optimale veiligheid, effici\u00ebntie en duurzaamheid van uw opleggers.<\/h2>\t\t\t\t<\/div>\n\t\t\t\t<\/div>\n\t\t\t\t<div class=\"elementor-element elementor-element-6cedd246 elementor-widget elementor-widget-heading\" data-id=\"6cedd246\" data-element_type=\"widget\" data-e-type=\"widget\" data-widget_type=\"heading.default\">\n\t\t\t\t<div class=\"elementor-widget-container\">\n\t\t\t\t\t<h3 class=\"elementor-heading-title elementor-size-default\">Banden presteren het beste bij de juiste bandendruk<\/h3>\t\t\t\t<\/div>\n\t\t\t\t<\/div>\n\t\t\t\t<section class=\"elementor-section elementor-inner-section elementor-element elementor-element-1e1b1c7 elementor-section-boxed elementor-section-height-default elementor-section-height-default\" data-id=\"1e1b1c7\" data-element_type=\"section\" data-e-type=\"section\">\n\t\t\t\t\t\t<div class=\"elementor-container elementor-column-gap-default\">\n\t\t\t\t\t<div class=\"elementor-column elementor-col-50 elementor-inner-column elementor-element elementor-element-a0f09fa\" data-id=\"a0f09fa\" data-element_type=\"column\" data-e-type=\"column\">\n\t\t\t<div class=\"elementor-widget-wrap elementor-element-populated\">\n\t\t\t\t\t\t<div class=\"elementor-element elementor-element-22c296c elementor-widget elementor-widget-text-editor\" data-id=\"22c296c\" data-element_type=\"widget\" data-e-type=\"widget\" data-widget_type=\"text-editor.default\">\n\t\t\t\t<div class=\"elementor-widget-container\">\n\t\t\t\t\t\t\t\t\t<p>Maar wanneer heeft een oplegger de juiste bandendruk? Die is namelijk afhankelijk van belading &amp; temperatuur.<\/p><p>Om de juiste bandendruk te krijgen en te houden, ontwikkeld TP.SoL een actief bandenspanningssysteem die dat mogelijk maakt: Optimal Tyre Use System (OTUS) PRESSURECAP.<\/p><p>Dit geeft:<br \/>De kortste remweg<br \/>Hoogste stabiliteit van het voertuig<br \/>langste levensduur van de band<br \/>Minste schade aan Milieu, Mens, Ondernemer en Maatschappij<br \/>Optimale rolweerstand<\/p>\t\t\t\t\t\t\t\t<\/div>\n\t\t\t\t<\/div>\n\t\t\t\t\t<\/div>\n\t\t<\/div>\n\t\t\t\t<div class=\"elementor-column elementor-col-50 elementor-inner-column elementor-element elementor-element-a3c8664\" data-id=\"a3c8664\" data-element_type=\"column\" data-e-type=\"column\">\n\t\t\t<div class=\"elementor-widget-wrap elementor-element-populated\">\n\t\t\t\t\t\t<div class=\"elementor-element elementor-element-1e2ed27 elementor-widget__width-initial elementor-widget elementor-widget-image\" data-id=\"1e2ed27\" data-element_type=\"widget\" data-e-type=\"widget\" data-widget_type=\"image.default\">\n\t\t\t\t<div class=\"elementor-widget-container\">\n\t\t\t\t\t\t\t\t\t\t\t\t\t\t\t<img fetchpriority=\"high\" decoding=\"async\" width=\"240\" height=\"320\" src=\"https:\/\/tyrepressuresolutions.nl\/wp-content\/uploads\/2025\/01\/IMG_0062.jpeg\" class=\"attachment-large size-large wp-image-544\" alt=\"\" srcset=\"https:\/\/tyrepressuresolutions.nl\/wp-content\/uploads\/2025\/01\/IMG_0062.jpeg 240w, https:\/\/tyrepressuresolutions.nl\/wp-content\/uploads\/2025\/01\/IMG_0062-225x300.jpeg 225w\" sizes=\"(max-width: 240px) 100vw, 240px\" \/>\t\t\t\t\t\t\t\t\t\t\t\t\t\t\t<\/div>\n\t\t\t\t<\/div>\n\t\t\t\t\t<\/div>\n\t\t<\/div>\n\t\t\t\t\t<\/div>\n\t\t<\/section>\n\t\t\t\t\t<\/div>\n\t\t<\/div>\n\t\t\t\t\t<\/div>\n\t\t<\/section>\n\t\t\t\t<\/div>\n\t\t","protected":false},"excerpt":{"rendered":"<p>Welkom bij Tyre Pressure Solutions BV &#8211; D\u00e9 specialist in automatische bandenspanningssystemen voor opleggers. Met onze geavanceerde technologie\u00ebn zorgen wij voor optimale veiligheid, effici\u00ebntie en duurzaamheid van uw opleggers. Banden presteren het beste bij de juiste bandendruk Maar wanneer heeft een oplegger de juiste bandendruk? Die is namelijk afhankelijk van belading &amp; temperatuur. Om de [&hellip;]<\/p>\n","protected":false},"author":2,"featured_media":0,"parent":0,"menu_order":0,"comment_status":"closed","ping_status":"closed","template":"elementor_header_footer","meta":{"footnotes":""},"class_list":["post-422","page","type-page","status-publish","hentry"],"_links":{"self":[{"href":"https:\/\/tyrepressuresolutions.nl\/index.php\/wp-json\/wp\/v2\/pages\/422","targetHints":{"allow":["GET"]}}],"collection":[{"href":"https:\/\/tyrepressuresolutions.nl\/index.php\/wp-json\/wp\/v2\/pages"}],"about":[{"href":"https:\/\/tyrepressuresolutions.nl\/index.php\/wp-json\/wp\/v2\/types\/page"}],"author":[{"embeddable":true,"href":"https:\/\/tyrepressuresolutions.nl\/index.php\/wp-json\/wp\/v2\/users\/2"}],"replies":[{"embeddable":true,"href":"https:\/\/tyrepressuresolutions.nl\/index.php\/wp-json\/wp\/v2\/comments?post=422"}],"version-history":[{"count":31,"href":"https:\/\/tyrepressuresolutions.nl\/index.php\/wp-json\/wp\/v2\/pages\/422\/revisions"}],"predecessor-version":[{"id":577,"href":"https:\/\/tyrepressuresolutions.nl\/index.php\/wp-json\/wp\/v2\/pages\/422\/revisions\/577"}],"wp:attachment":[{"href":"https:\/\/tyrepressuresolutions.nl\/index.php\/wp-json\/wp\/v2\/media?parent=422"}],"curies":[{"name":"wp","href":"https:\/\/api.w.org\/{rel}","templated":true}]}}